{"id":7070,"date":"2026-03-21T19:01:33","date_gmt":"2026-03-21T19:01:33","guid":{"rendered":"https:\/\/gongrass.com.ar\/?post_type=product&#038;p=7070"},"modified":"2026-03-27T12:22:27","modified_gmt":"2026-03-27T12:22:27","slug":"basquet-handball","status":"publish","type":"product","link":"https:\/\/gongrass.com.ar\/en\/product\/basquet-handball\/","title":{"rendered":"Basquet \/ Handball"},"content":{"rendered":"<div class=\"descripcion-ficha container\">\n<div class=\"row ficha-grid\">\n<div class=\"col-12 d-flex justify-content-between align-items-center\">\n<div class=\"col-6 d-flex justify-content-start align-items-center text-start\">\n        <strong>Nombre del producto:<\/strong>\n      <\/div>\n<div class=\"col-6 d-flex justify-content-end align-items-center text-end\">\n        <span>Caucho sint\u00e9tico termopl\u00e1stico<\/span>\n      <\/div>\n<\/p><\/div>\n<\/p><\/div>\n<div class=\"row ficha-grid\">\n<div class=\"col-12 d-flex justify-content-between align-items-center\">\n<div class=\"col-6 d-flex justify-content-start align-items-center text-start\">\n        <strong>Caracter\u00edstica:<\/strong>\n      <\/div>\n<div class=\"col-6 d-flex justify-content-end align-items-center text-end\">\n        <span>Versatilidad y practicidad<\/span>\n      <\/div>\n<\/p><\/div>\n<\/p><\/div>\n<div class=\"row ficha-grid\">\n<div class=\"col-12 d-flex justify-content-between align-items-center\">\n<div class=\"col-5 d-flex justify-content-start align-items-center text-start\">\n        <strong>Aplicaci\u00f3n:<\/strong>\n      <\/div>\n<div class=\"col-7 d-flex justify-content-end align-items-start text-end h-100\">\n        <span>Ideal para canchas multi-deportivas<\/span>\n      <\/div>\n<\/p><\/div>\n<\/p><\/div>\n<div class=\"row ficha-grid\">\n<div class=\"col-12 d-flex justify-content-between align-items-center\">\n<div class=\"col-5 d-flex justify-content-start align-items-center text-start\">\n        <strong>Superficie:<\/strong>\n      <\/div>\n<div class=\"col-7 d-flex justify-content-end align-items-start text-end h-100\">\n        <span>Continua y uniforme<\/span>\n      <\/div>\n<\/p><\/div>\n<\/p><\/div>\n<div class=\"row ficha-grid\">\n<div class=\"col-12 d-flex justify-content-between align-items-center\">\n<div class=\"col-6 d-flex justify-content-start align-items-start text-start\">\n        <strong>Sistema:<\/strong>\n      <\/div>\n<div class=\"col-6 d-flex justify-content-end align-items-start text-end\">\n        <span>Encastre reforzado<\/span>\n      <\/div>\n<\/p><\/div>\n<\/p><\/div>\n<div class=\"row ficha-grid\">\n<div class=\"col-12 d-flex justify-content-between align-items-center\">\n<div class=\"col-6 d-flex justify-content-start align-items-center text-start\">\n        <strong>Dise\u00f1o:<\/strong>\n      <\/div>\n<div class=\"col-6 d-flex justify-content-end align-items-center text-end\">\n        <span>Anti-hundimiento<\/span>\n      <\/div>\n<\/p><\/div>\n<\/p><\/div>\n<div class=\"row ficha-grid\">\n<div class=\"col-12 d-flex justify-content-between align-items-center\">\n<div class=\"col-6 d-flex justify-content-start align-items-center text-start\">\n        <strong>Composici\u00f3n:<\/strong>\n      <\/div>\n<div class=\"col-6 d-flex justify-content-end align-items-center text-end\">\n        <span>Libre de aceites<\/span>\n      <\/div>\n<\/p><\/div>\n<\/p><\/div>\n<\/div>","protected":false},"excerpt":{"rendered":"<p>Nombre del producto: Caucho sint\u00e9tico termopl\u00e1stico Caracter\u00edstica: Versatilidad y practicidad Aplicaci\u00f3n: Ideal para canchas multi-deportivas Superficie: Continua y uniforme Sistema: Encastre reforzado Dise\u00f1o: Anti-hundimiento Composici\u00f3n: Libre de aceites<\/p>","protected":false},"featured_media":7110,"comment_status":"open","ping_status":"closed","template":"","meta":[],"product_brand":[],"product_cat":[94,93],"product_tag":[],"class_list":{"0":"post-7070","1":"product","2":"type-product","3":"status-publish","4":"has-post-thumbnail","6":"product_cat-basquet_handball","7":"product_cat-cesped_sintetico_deportivo","9":"first","10":"instock","11":"shipping-taxable","12":"product-type-simple"},"jetpack_sharing_enabled":true,"_links":{"self":[{"href":"https:\/\/gongrass.com.ar\/en\/wp-json\/wp\/v2\/product\/7070","targetHints":{"allow":["GET"]}}],"collection":[{"href":"https:\/\/gongrass.com.ar\/en\/wp-json\/wp\/v2\/product"}],"about":[{"href":"https:\/\/gongrass.com.ar\/en\/wp-json\/wp\/v2\/types\/product"}],"replies":[{"embeddable":true,"href":"https:\/\/gongrass.com.ar\/en\/wp-json\/wp\/v2\/comments?post=7070"}],"wp:featuredmedia":[{"embeddable":true,"href":"https:\/\/gongrass.com.ar\/en\/wp-json\/wp\/v2\/media\/7110"}],"wp:attachment":[{"href":"https:\/\/gongrass.com.ar\/en\/wp-json\/wp\/v2\/media?parent=7070"}],"wp:term":[{"taxonomy":"product_brand","embeddable":true,"href":"https:\/\/gongrass.com.ar\/en\/wp-json\/wp\/v2\/product_brand?post=7070"},{"taxonomy":"product_cat","embeddable":true,"href":"https:\/\/gongrass.com.ar\/en\/wp-json\/wp\/v2\/product_cat?post=7070"},{"taxonomy":"product_tag","embeddable":true,"href":"https:\/\/gongrass.com.ar\/en\/wp-json\/wp\/v2\/product_tag?post=7070"}],"curies":[{"name":"wp","href":"https:\/\/api.w.org\/{rel}","templated":true}]}}